{"id":80,"date":"2026-01-30T05:42:24","date_gmt":"2026-01-30T05:42:24","guid":{"rendered":"https:\/\/soilstabilisor.com\/?page_id=80"},"modified":"2026-02-02T02:14:52","modified_gmt":"2026-02-02T02:14:52","slug":"uber-uns","status":"publish","type":"page","link":"https:\/\/soilstabilisor.com\/de\/uber-uns\/","title":{"rendered":"\u00dcber uns"},"content":{"rendered":"<p>[et_pb_section fb_built=&#8221;1&#8243; admin_label=&#8221;Header&#8221; _builder_version=&#8221;4.27.5&#8243; _module_preset=&#8221;default&#8221; use_background_color_gradient=&#8221;on&#8221; background_color_gradient_stops=&#8221;#ffffff 0%|rgba(255, 255, 255, 0.33) 100%|rgba(255,255,255,0) 100%&#8221; background_color_gradient_overlays_image=&#8221;on&#8221; background_image=&#8221;https:\/\/soilstabilisor.com\/wp-content\/uploads\/2026\/01\/Mexico-Watanabe-1.webp&#8221; custom_padding=&#8221;94px||91px||false|&#8221; collapsed=&#8221;on&#8221; global_colors_info=&#8221;{}&#8221;][et_pb_row _builder_version=&#8221;4.20.0&#8243; _module_preset=&#8221;default&#8221; global_colors_info=&#8221;{}&#8221;][et_pb_column type=&#8221;4_4&#8243; _builder_version=&#8221;4.20.0&#8243; _module_preset=&#8221;default&#8221; global_colors_info=&#8221;{}&#8221;][et_pb_text _builder_version=&#8221;4.27.5&#8243; _module_preset=&#8221;561161e5-94a9-42ec-be61-a2e7af11e228&#8243; header_font=&#8221;Roboto Condensed|700|||||||&#8221; global_colors_info=&#8221;{}&#8221;]<\/p>\n<h1 style=\"text-align: center;\">\u00dcber uns<\/h1>\n<p>[\/et_pb_text][et_pb_text _builder_version=&#8221;4.27.5&#8243; _module_preset=&#8221;default&#8221; text_text_color=&#8221;#000000&#8243; hover_enabled=&#8221;0&#8243; global_colors_info=&#8221;{}&#8221; sticky_enabled=&#8221;0&#8243;]<\/p>\n<p style=\"text-align: center;\"><strong>Als f\u00fchrender Hersteller, Lieferant und Exporteur von Steinbrechern und Bodenstabilisatoren sowie einer breiten Palette an mechanischen Produkten bieten wir eine umfangreiche Auswahl an, darunter Mulcher und Steinbrecher, Steinrechen, Steinsammler, Fr\u00e4sen, Kartoffelfurchenzieher, D\u00fcngerstreuer, Rotationsgrubber, Kartoffelpflanzmaschinen, Kartoffelroder, Kartoffelroder f\u00fcr die Big-Bag-Sammlung, Kompostieranlagen und zahlreiche weitere Artikel, die auf die unterschiedlichsten Bed\u00fcrfnisse in Landwirtschaft und Bauwesen zugeschnitten sind.<\/strong><\/p>\n<p>[\/et_pb_text][et_pb_button button_url=&#8221;https:\/\/soilstabilisor.com\/contact-us\/&#8221; button_text=&#8221;Contact Us&#8221; button_alignment=&#8221;center&#8221; _builder_version=&#8221;4.27.5&#8243; _module_preset=&#8221;default&#8221; custom_button=&#8221;on&#8221; button_text_color=&#8221;#000000&#8243; button_font=&#8221;Roboto Condensed|700|||||||&#8221; global_colors_info=&#8221;{}&#8221;][\/et_pb_button][\/et_pb_column][\/et_pb_row][\/et_pb_section][et_pb_section fb_built=&#8221;1&#8243; admin_label=&#8221;Header&#8221; _builder_version=&#8221;4.20.0&#8243; _module_preset=&#8221;default&#8221; collapsed=&#8221;on&#8221; global_colors_info=&#8221;{}&#8221;][et_pb_row _builder_version=&#8221;4.20.0&#8243; _module_preset=&#8221;default&#8221; global_colors_info=&#8221;{}&#8221;][et_pb_column type=&#8221;4_4&#8243; _builder_version=&#8221;4.20.0&#8243; _module_preset=&#8221;default&#8221; global_colors_info=&#8221;{}&#8221;][et_pb_text _builder_version=&#8221;4.27.5&#8243; _module_preset=&#8221;561161e5-94a9-42ec-be61-a2e7af11e228&#8243; header_font=&#8221;Roboto Condensed|700|||||||&#8221; global_colors_info=&#8221;{}&#8221;]<\/p>\n<h1>\u00dcber Mexiko Watanabe<\/h1>\n<p>[\/et_pb_text][et_pb_text _builder_version=&#8221;4.27.5&#8243; _module_preset=&#8221;fc40ddda-5c6b-48cd-9c0a-3184ca301b54&#8243; global_colors_info=&#8221;{}&#8221;]Established in 1970, Mexico Watanabe Company has grown into a prominent manufacturer dedicated to delivering robust and efficient machinery tailored for demanding applications in agriculture, construction, and forestry. From its inception, the firm has focused on innovation, drawing on decades of engineering expertise to develop equipment that addresses real-world challenges faced by professionals in these fields. The product lineup includes specialized mulchers and stone crushers designed for terrain clearing and soil preparation, alongside soil stabilizers that enhance ground stability for large-scale projects. Additionally, the company produces reliable rock rakes and rock pickers, which efficiently handle stone removal in rocky landscapes, rotavators for thorough soil tillage, potato furrowers that ensure precise row formation, and fertilizer spreaders capable of uniform nutrient distribution across multiple rows.<\/p>\n<p>Mexico Watanabe zeichnet sich auch durch seine Kartoffelmaschinen aus. Das Angebot umfasst Rotationsgrubber mit verstellbaren Applikatoren f\u00fcr D\u00fcnger und Begasungsmittel, Kartoffelpflanzmaschinen f\u00fcr eine gleichm\u00e4\u00dfige Saatgutablage, Kartoffelroder mit verschiedenen Auswurfoptionen zur Minimierung von Erntesch\u00e4den sowie moderne Kartoffelroder f\u00fcr die Big-Bag-Abf\u00fcllung, die den Ernteprozess im kommerziellen Anbau optimieren. Erg\u00e4nzt wird das Sortiment durch Ger\u00e4te f\u00fcr Kompostieranlagen, wie beispielsweise Kompostierer, die die Einstreu f\u00fcr Nutztiere mit minimalem Aufwand pflegen. Diese Maschinen verf\u00fcgen \u00fcber robuste Komponenten wie hochfeste Messer und Hydrauliksysteme, die auch intensiver Beanspruchung standhalten und gleichzeitig optimale Traktorkompatibilit\u00e4t und Arbeitsgeschwindigkeit gew\u00e4hrleisten.<\/p>\n<p>With a strong emphasis on quality and performance, Mexico Watanabe&#8217;s products are exported to a wide array of international markets, including the United States, Canada, Australia, Germany, France, Italy, Brazil, Argentina, India, China, and several countries across Africa. This global presence reflects the company&#8217;s commitment to supporting diverse agricultural practices and infrastructure developments worldwide. Clients are encouraged to consider customization services to adapt equipment to unique requirements, and we welcome inquiries for orders, ensuring prompt delivery and comprehensive technical assistance to maximize productivity.[\/et_pb_text][\/et_pb_column][\/et_pb_row][et_pb_row column_structure=&#8221;1_4,1_4,1_4,1_4&#8243; _builder_version=&#8221;4.20.0&#8243; _module_preset=&#8221;default&#8221; locked=&#8221;off&#8221; global_colors_info=&#8221;{}&#8221;][et_pb_column type=&#8221;1_4&#8243; _builder_version=&#8221;4.20.0&#8243; _module_preset=&#8221;default&#8221; global_colors_info=&#8221;{}&#8221;][et_pb_blurb image=&#8221;https:\/\/soilstabilisor.com\/wp-content\/uploads\/2026\/01\/city-icon-16-p-white.png&#8221; _builder_version=&#8221;4.20.0&#8243; _module_preset=&#8221;6fb4634c-9fb8-4d8d-8351-eabd57fb0f54&#8243; custom_margin=&#8221;||0px||false|false&#8221; locked=&#8221;off&#8221; global_colors_info=&#8221;{}&#8221;][\/et_pb_blurb][et_pb_number_counter title=&#8221;Staff&#8221; number=&#8221;300+&#8221; _builder_version=&#8221;4.27.5&#8243; _module_preset=&#8221;a407aef0-44ed-4cff-84c4-cb7690db1c9f&#8221; title_text_color=&#8221;gcid-1f9b0bb3-481a-49f1-9fe6-999fc3c3182b&#8221; number_text_color=&#8221;gcid-1f9b0bb3-481a-49f1-9fe6-999fc3c3182b&#8221; locked=&#8221;off&#8221; global_colors_info=&#8221;{%22gcid-1f9b0bb3-481a-49f1-9fe6-999fc3c3182b%22:%91%22title_text_color%22,%22number_text_color%22%93}&#8221;][\/et_pb_number_counter][\/et_pb_column][et_pb_column type=&#8221;1_4&#8243; _builder_version=&#8221;4.20.0&#8243; _module_preset=&#8221;default&#8221; global_colors_info=&#8221;{}&#8221;][et_pb_blurb image=&#8221;https:\/\/soilstabilisor.com\/wp-content\/uploads\/2026\/01\/city-icon-04-p-white.png&#8221; _builder_version=&#8221;4.20.0&#8243; _module_preset=&#8221;6fb4634c-9fb8-4d8d-8351-eabd57fb0f54&#8243; custom_margin=&#8221;||0px||false|false&#8221; locked=&#8221;off&#8221; global_colors_info=&#8221;{}&#8221;][\/et_pb_blurb][et_pb_number_counter title=&#8221;Land Area&#8221; number=&#8221;62000 m\u00b2&#8221; _builder_version=&#8221;4.27.5&#8243; _module_preset=&#8221;a407aef0-44ed-4cff-84c4-cb7690db1c9f&#8221; title_text_color=&#8221;gcid-1f9b0bb3-481a-49f1-9fe6-999fc3c3182b&#8221; number_text_color=&#8221;gcid-1f9b0bb3-481a-49f1-9fe6-999fc3c3182b&#8221; locked=&#8221;off&#8221; global_colors_info=&#8221;{%22gcid-1f9b0bb3-481a-49f1-9fe6-999fc3c3182b%22:%91%22title_text_color%22,%22number_text_color%22%93}&#8221;][\/et_pb_number_counter][\/et_pb_column][et_pb_column type=&#8221;1_4&#8243; _builder_version=&#8221;4.20.0&#8243; _module_preset=&#8221;default&#8221; global_colors_info=&#8221;{}&#8221;][et_pb_blurb image=&#8221;https:\/\/soilstabilisor.com\/wp-content\/uploads\/2026\/01\/city-icon-15-p-white.png&#8221; _builder_version=&#8221;4.20.0&#8243; _module_preset=&#8221;6fb4634c-9fb8-4d8d-8351-eabd57fb0f54&#8243; custom_margin=&#8221;||0px||false|false&#8221; locked=&#8221;off&#8221; global_colors_info=&#8221;{}&#8221;][\/et_pb_blurb][et_pb_number_counter title=&#8221;Year Founded&#8221; number=&#8221;1970&#8243; _builder_version=&#8221;4.27.5&#8243; _module_preset=&#8221;a407aef0-44ed-4cff-84c4-cb7690db1c9f&#8221; title_text_color=&#8221;gcid-1f9b0bb3-481a-49f1-9fe6-999fc3c3182b&#8221; number_text_color=&#8221;gcid-1f9b0bb3-481a-49f1-9fe6-999fc3c3182b&#8221; locked=&#8221;off&#8221; global_colors_info=&#8221;{%22gcid-1f9b0bb3-481a-49f1-9fe6-999fc3c3182b%22:%91%22title_text_color%22,%22number_text_color%22%93}&#8221;][\/et_pb_number_counter][\/et_pb_column][et_pb_column type=&#8221;1_4&#8243; _builder_version=&#8221;4.20.0&#8243; _module_preset=&#8221;default&#8221; global_colors_info=&#8221;{}&#8221;][et_pb_blurb image=&#8221;https:\/\/soilstabilisor.com\/wp-content\/uploads\/2026\/01\/city-icon-20-p-white.png&#8221; _builder_version=&#8221;4.20.0&#8243; _module_preset=&#8221;6fb4634c-9fb8-4d8d-8351-eabd57fb0f54&#8243; custom_margin=&#8221;||0px||false|false&#8221; locked=&#8221;off&#8221; global_colors_info=&#8221;{}&#8221;][\/et_pb_blurb][et_pb_number_counter title=&#8221;Exporting Countries&#8221; number=&#8221;56+&#8221; _builder_version=&#8221;4.27.5&#8243; _module_preset=&#8221;a407aef0-44ed-4cff-84c4-cb7690db1c9f&#8221; title_text_color=&#8221;gcid-1f9b0bb3-481a-49f1-9fe6-999fc3c3182b&#8221; number_text_color=&#8221;gcid-1f9b0bb3-481a-49f1-9fe6-999fc3c3182b&#8221; locked=&#8221;off&#8221; global_colors_info=&#8221;{%22gcid-1f9b0bb3-481a-49f1-9fe6-999fc3c3182b%22:%91%22title_text_color%22,%22number_text_color%22%93}&#8221;][\/et_pb_number_counter][\/et_pb_column][\/et_pb_row][et_pb_row _builder_version=&#8221;4.27.5&#8243; _module_preset=&#8221;default&#8221; global_colors_info=&#8221;{}&#8221;][et_pb_column type=&#8221;4_4&#8243; _builder_version=&#8221;4.27.5&#8243; _module_preset=&#8221;default&#8221; global_colors_info=&#8221;{}&#8221;][et_pb_video src=&#8221;https:\/\/soilstabilisor.com\/wp-content\/uploads\/2026\/01\/Watanabe-Video.mp4&#8243; _builder_version=&#8221;4.27.5&#8243; _module_preset=&#8221;default&#8221; global_colors_info=&#8221;{}&#8221;][\/et_pb_video][\/et_pb_column][\/et_pb_row][\/et_pb_section][et_pb_section fb_built=&#8221;1&#8243; admin_label=&#8221;Feature&#8221; _builder_version=&#8221;4.20.0&#8243; _module_preset=&#8221;default&#8221; custom_padding=&#8221;0px||0px||true|false&#8221; locked=&#8221;off&#8221; collapsed=&#8221;on&#8221; global_colors_info=&#8221;{}&#8221;][et_pb_row column_structure=&#8221;1_2,1_2&#8243; use_custom_gutter=&#8221;on&#8221; gutter_width=&#8221;1&#8243; make_equal=&#8221;on&#8221; _builder_version=&#8221;4.27.5&#8243; _module_preset=&#8221;default&#8221; width=&#8221;100%&#8221; max_width=&#8221;none&#8221; custom_padding=&#8221;0px||0px||true|false&#8221; global_colors_info=&#8221;{}&#8221;][et_pb_column type=&#8221;1_2&#8243; _builder_version=&#8221;4.27.5&#8243; _module_preset=&#8221;default&#8221; background_image=&#8221;https:\/\/soilstabilisor.com\/wp-content\/uploads\/2026\/01\/Rock-Rake-2.webp&#8221; custom_padding=&#8221;10vw|10vw|10vw|10vw|true|true&#8221; box_shadow_style=&#8221;preset4&#8243; box_shadow_horizontal=&#8221;0px&#8221; box_shadow_vertical=&#8221;0px&#8221; box_shadow_spread=&#8221;6vw&#8221; box_shadow_color=&#8221;#FFFFFF&#8221; box_shadow_position=&#8221;inner&#8221; global_colors_info=&#8221;{}&#8221;][\/et_pb_column][et_pb_column type=&#8221;1_2&#8243; _builder_version=&#8221;4.20.0&#8243; _module_preset=&#8221;default&#8221; background_color=&#8221;gcid-86da69f8-ce43-4c42-8395-4abd58818e72&#8243; custom_padding=&#8221;16vw|8vw|16vw|8vw|true|true&#8221; global_colors_info=&#8221;{%22gcid-86da69f8-ce43-4c42-8395-4abd58818e72%22:%91%22background_color%22%93}&#8221;][et_pb_text _builder_version=&#8221;4.27.5&#8243; _module_preset=&#8221;2cee9962-7447-4f1a-93db-99dd8980600f&#8221; custom_margin=&#8221;-110px||20px||false|false&#8221; global_colors_info=&#8221;{}&#8221;]<\/p>\n<h2>Kundenspezifische Dienstleistungen<\/h2>\n<p>[\/et_pb_text][et_pb_text _builder_version=&#8221;4.27.5&#8243; _module_preset=&#8221;fc40ddda-5c6b-48cd-9c0a-3184ca301b54&#8243; global_colors_info=&#8221;{}&#8221;]<\/p>\n<p>Bei Mexico Watanabe bieten wir spezialisierte Anpassungsdienstleistungen an, die speziell auf die Bed\u00fcrfnisse von Landwirtschaft, Bauwesen und Forstwirtschaft zugeschnitten sind. Wir laden unsere Kunden herzlich ein, unsere umfangreiche Produktpalette individuell anzupassen und zu bestellen. Unsere Steinbrecher zeichnen sich durch ihre Zuverl\u00e4ssigkeit aus. Sie sind mit robusten Komponenten ausgestattet, die auch intensivem Einsatz unter anspruchsvollen Bedingungen standhalten und so eine gleichbleibende Leistung bei minimalen Ausfallzeiten gew\u00e4hrleisten. Diese Maschinen bieten ein hervorragendes Preis-Leistungs-Verh\u00e4ltnis und erm\u00f6glichen kosteneffiziente L\u00f6sungen ohne Kompromisse bei Qualit\u00e4t und Langlebigkeit.<\/p>\n<p>Dieses Engagement erstreckt sich auf all unsere Ger\u00e4te. So k\u00f6nnen beispielsweise Steinharken f\u00fcr eine h\u00f6here Zinkenst\u00e4rke oder hydraulische Anpassungen modifiziert werden, w\u00e4hrend Kartoffelroder mit kundenspezifischen Auswurfsystemen ausgestattet werden k\u00f6nnen, um die Effizienz in der gro\u00dffl\u00e4chigen Landwirtschaft zu optimieren. Unser erfahrenes Team arbeitet eng mit den Kunden zusammen, um Spezifikationen wie Traktorkompatibilit\u00e4t, Arbeitsgeschwindigkeit oder Bunkerkapazit\u00e4t zu verfeinern und so ma\u00dfgeschneiderte Ergebnisse zu garantieren, die die Produktivit\u00e4t steigern. Dank pr\u00e4ziser Fertigung und strenger Tests stellt Mexico Watanabe sicher, dass jedes kundenspezifische Produkt langlebige Ergebnisse liefert.\u00a0<\/p>\n<p>[\/et_pb_text][\/et_pb_column][\/et_pb_row][\/et_pb_section][et_pb_section fb_built=&#8221;1&#8243; admin_label=&#8221;Gallery&#8221; _builder_version=&#8221;4.20.0&#8243; _module_preset=&#8221;default&#8221; collapsed=&#8221;on&#8221; global_colors_info=&#8221;{}&#8221;][et_pb_row column_structure=&#8221;1_3,1_3,1_3&#8243; make_equal=&#8221;on&#8221; custom_padding_last_edited=&#8221;on|tablet&#8221; _builder_version=&#8221;4.27.5&#8243; _module_preset=&#8221;default&#8221; custom_padding_tablet=&#8221;||0px||false|false&#8221; custom_padding_phone=&#8221;||0px||false|false&#8221; global_colors_info=&#8221;{}&#8221;][et_pb_column type=&#8221;1_3&#8243; _builder_version=&#8221;4.27.5&#8243; _module_preset=&#8221;default&#8221; background_image=&#8221;https:\/\/soilstabilisor.com\/wp-content\/uploads\/2026\/01\/Rotavator-2.webp&#8221; border_radii=&#8221;on|5px|5px|5px|5px&#8221; global_colors_info=&#8221;{}&#8221;][et_pb_divider show_divider=&#8221;off&#8221; _builder_version=&#8221;4.20.0&#8243; _module_preset=&#8221;default&#8221; height_tablet=&#8221;40vw&#8221; height_phone=&#8221;40vw&#8221; height_last_edited=&#8221;on|phone&#8221; global_colors_info=&#8221;{}&#8221;][\/et_pb_divider][\/et_pb_column][et_pb_column type=&#8221;1_3&#8243; _builder_version=&#8221;4.20.0&#8243; _module_preset=&#8221;default&#8221; global_colors_info=&#8221;{}&#8221;][et_pb_image src=&#8221;https:\/\/soilstabilisor.com\/wp-content\/uploads\/2026\/01\/Rock-Rake-1.webp&#8221; alt=&#8221;Rock Rake&#8221; title_text=&#8221;Rock Rake-1&#8243; _builder_version=&#8221;4.27.5&#8243; _module_preset=&#8221;default&#8221; custom_margin=&#8221;||60px||false|false&#8221; custom_margin_tablet=&#8221;||30px||false|false&#8221; custom_margin_phone=&#8221;||30px||false|false&#8221; custom_margin_last_edited=&#8221;on|tablet&#8221; border_radii=&#8221;on|5px|5px|5px|5px&#8221; global_colors_info=&#8221;{}&#8221;][\/et_pb_image][et_pb_image src=&#8221;https:\/\/soilstabilisor.com\/wp-content\/uploads\/2026\/01\/Rotavator-1.webp&#8221; alt=&#8221;Rotavator&#8221; title_text=&#8221;Rotavator-1&#8243; _builder_version=&#8221;4.27.5&#8243; _module_preset=&#8221;default&#8221; border_radii=&#8221;on|5px|5px|5px|5px&#8221; global_colors_info=&#8221;{}&#8221;][\/et_pb_image][\/et_pb_column][et_pb_column type=&#8221;1_3&#8243; _builder_version=&#8221;4.20.0&#8243; _module_preset=&#8221;default&#8221; global_colors_info=&#8221;{}&#8221;][et_pb_image src=&#8221;https:\/\/soilstabilisor.com\/wp-content\/uploads\/2026\/01\/Rock-Pickers-1.webp&#8221; alt=&#8221;Rock Pickers&#8221; title_text=&#8221;Rock Pickers-1&#8243; _builder_version=&#8221;4.27.5&#8243; _module_preset=&#8221;default&#8221; custom_margin=&#8221;||60px||false|false&#8221; custom_margin_tablet=&#8221;||30px||false|false&#8221; custom_margin_phone=&#8221;||30px||false|false&#8221; custom_margin_last_edited=&#8221;on|tablet&#8221; border_radii=&#8221;on|5px|5px|5px|5px&#8221; locked=&#8221;off&#8221; global_colors_info=&#8221;{}&#8221;][\/et_pb_image][et_pb_image src=&#8221;https:\/\/soilstabilisor.com\/wp-content\/uploads\/2026\/01\/Potato-Planter-1.webp&#8221; alt=&#8221;Potato Planter&#8221; title_text=&#8221;Potato Planter-1&#8243; _builder_version=&#8221;4.27.5&#8243; _module_preset=&#8221;default&#8221; border_radii=&#8221;on|5px|5px|5px|5px&#8221; locked=&#8221;off&#8221; global_colors_info=&#8221;{}&#8221;][\/et_pb_image][\/et_pb_column][\/et_pb_row][et_pb_row column_structure=&#8221;1_3,2_3&#8243; make_equal=&#8221;on&#8221; _builder_version=&#8221;4.27.5&#8243; _module_preset=&#8221;default&#8221; global_colors_info=&#8221;{}&#8221;][et_pb_column type=&#8221;1_3&#8243; _builder_version=&#8221;4.27.5&#8243; _module_preset=&#8221;default&#8221; background_image=&#8221;https:\/\/soilstabilisor.com\/wp-content\/uploads\/2026\/01\/Potato-Diggers-1.webp&#8221; border_radii=&#8221;on|5px|5px|5px|5px&#8221; global_colors_info=&#8221;{}&#8221;][et_pb_divider show_divider=&#8221;off&#8221; _builder_version=&#8221;4.27.5&#8243; _module_preset=&#8221;default&#8221; height_tablet=&#8221;40vw&#8221; height_phone=&#8221;40vw&#8221; height_last_edited=&#8221;on|phone&#8221; locked=&#8221;off&#8221; global_colors_info=&#8221;{}&#8221;][\/et_pb_divider][\/et_pb_column][et_pb_column type=&#8221;2_3&#8243; _builder_version=&#8221;4.20.0&#8243; _module_preset=&#8221;default&#8221; global_colors_info=&#8221;{}&#8221;][et_pb_image src=&#8221;https:\/\/soilstabilisor.com\/wp-content\/uploads\/2026\/01\/Potato-Harvest-1.webp&#8221; alt=&#8221;Potato Harvest&#8221; title_text=&#8221;Potato Harvest-1&#8243; _builder_version=&#8221;4.27.5&#8243; _module_preset=&#8221;default&#8221; border_radii=&#8221;on|5px|5px|5px|5px&#8221; global_colors_info=&#8221;{}&#8221;][\/et_pb_image][\/et_pb_column][\/et_pb_row][\/et_pb_section]<\/p>","protected":false},"excerpt":{"rendered":"<p>About UsAs a leading manufacturer, supplier, and exporter of stone crushers and soil stabilizers, along with a wide range of mechanical products, we offer an extensive selection including mulchers and stone crushers, rock rakes, rock pickers, rotavators, potato furrowers, fertilizer spreaders, rotary cultivators, potato planters, potato diggers, potato harvesters designed for big-bag collection, compost barn [&hellip;]<\/p>","protected":false},"author":1,"featured_media":0,"parent":0,"menu_order":0,"comment_status":"closed","ping_status":"closed","template":"","meta":{"_et_pb_use_builder":"on","_et_pb_old_content":"","_et_gb_content_width":"","footnotes":""},"class_list":["post-80","page","type-page","status-publish","hentry"],"_links":{"self":[{"href":"https:\/\/soilstabilisor.com\/de\/wp-json\/wp\/v2\/pages\/80","targetHints":{"allow":["GET"]}}],"collection":[{"href":"https:\/\/soilstabilisor.com\/de\/wp-json\/wp\/v2\/pages"}],"about":[{"href":"https:\/\/soilstabilisor.com\/de\/wp-json\/wp\/v2\/types\/page"}],"author":[{"embeddable":true,"href":"https:\/\/soilstabilisor.com\/de\/wp-json\/wp\/v2\/users\/1"}],"replies":[{"embeddable":true,"href":"https:\/\/soilstabilisor.com\/de\/wp-json\/wp\/v2\/comments?post=80"}],"version-history":[{"count":22,"href":"https:\/\/soilstabilisor.com\/de\/wp-json\/wp\/v2\/pages\/80\/revisions"}],"predecessor-version":[{"id":272,"href":"https:\/\/soilstabilisor.com\/de\/wp-json\/wp\/v2\/pages\/80\/revisions\/272"}],"wp:attachment":[{"href":"https:\/\/soilstabilisor.com\/de\/wp-json\/wp\/v2\/media?parent=80"}],"curies":[{"name":"wp","href":"https:\/\/api.w.org\/{rel}","templated":true}]}}