{"id":80,"date":"2026-01-30T05:42:24","date_gmt":"2026-01-30T05:42:24","guid":{"rendered":"https:\/\/soilstabilisor.com\/?page_id=80"},"modified":"2026-02-02T02:14:52","modified_gmt":"2026-02-02T02:14:52","slug":"o-nas","status":"publish","type":"page","link":"https:\/\/soilstabilisor.com\/pl\/o-nas\/","title":{"rendered":"O nas"},"content":{"rendered":"<p>[et_pb_section fb_built=&#8221;1&#8243; admin_label=&#8221;Header&#8221; _builder_version=&#8221;4.27.5&#8243; _module_preset=&#8221;default&#8221; use_background_color_gradient=&#8221;on&#8221; background_color_gradient_stops=&#8221;#ffffff 0%|rgba(255, 255, 255, 0.33) 100%|rgba(255,255,255,0) 100%&#8221; background_color_gradient_overlays_image=&#8221;on&#8221; background_image=&#8221;https:\/\/soilstabilisor.com\/wp-content\/uploads\/2026\/01\/Mexico-Watanabe-1.webp&#8221; custom_padding=&#8221;94px||91px||false|&#8221; collapsed=&#8221;on&#8221; global_colors_info=&#8221;{}&#8221;][et_pb_row _builder_version=&#8221;4.20.0&#8243; _module_preset=&#8221;default&#8221; global_colors_info=&#8221;{}&#8221;][et_pb_column type=&#8221;4_4&#8243; _builder_version=&#8221;4.20.0&#8243; _module_preset=&#8221;default&#8221; global_colors_info=&#8221;{}&#8221;][et_pb_text _builder_version=&#8221;4.27.5&#8243; _module_preset=&#8221;561161e5-94a9-42ec-be61-a2e7af11e228&#8243; header_font=&#8221;Roboto Condensed|700|||||||&#8221; global_colors_info=&#8221;{}&#8221;]<\/p>\n<h1 style=\"text-align: center;\">O nas<\/h1>\n<p>[\/et_pb_text][et_pb_text _builder_version=&#8221;4.27.5&#8243; _module_preset=&#8221;default&#8221; text_text_color=&#8221;#000000&#8243; hover_enabled=&#8221;0&#8243; global_colors_info=&#8221;{}&#8221; sticky_enabled=&#8221;0&#8243;]<\/p>\n<p style=\"text-align: center;\"><strong>Jako wiod\u0105cy producent, dostawca i eksporter kruszarek do kamieni i stabilizator\u00f3w gleby, a tak\u017ce szerokiej gamy produkt\u00f3w mechanicznych, oferujemy szeroki wyb\u00f3r, w tym rozdrabniacze i kruszarki do kamieni, grabie do kamieni, zbieracze kamieni, glebogryzarki, bruzdowarki do ziemniak\u00f3w, rozsiewacze nawoz\u00f3w, kultywatory obrotowe, sadzarki do ziemniak\u00f3w, kopaczki do ziemniak\u00f3w, kombajny do zbioru ziemniak\u00f3w przeznaczone do zbioru w du\u017cych workach, wyposa\u017cenie kompostowni oraz wiele dodatkowych produkt\u00f3w dostosowanych do zr\u00f3\u017cnicowanych potrzeb rolnictwa i budownictwa.<\/strong><\/p>\n<p>[\/et_pb_text][et_pb_button button_url=&#8221;https:\/\/soilstabilisor.com\/contact-us\/&#8221; button_text=&#8221;Contact Us&#8221; button_alignment=&#8221;center&#8221; _builder_version=&#8221;4.27.5&#8243; _module_preset=&#8221;default&#8221; custom_button=&#8221;on&#8221; button_text_color=&#8221;#000000&#8243; button_font=&#8221;Roboto Condensed|700|||||||&#8221; global_colors_info=&#8221;{}&#8221;][\/et_pb_button][\/et_pb_column][\/et_pb_row][\/et_pb_section][et_pb_section fb_built=&#8221;1&#8243; admin_label=&#8221;Header&#8221; _builder_version=&#8221;4.20.0&#8243; _module_preset=&#8221;default&#8221; collapsed=&#8221;on&#8221; global_colors_info=&#8221;{}&#8221;][et_pb_row _builder_version=&#8221;4.20.0&#8243; _module_preset=&#8221;default&#8221; global_colors_info=&#8221;{}&#8221;][et_pb_column type=&#8221;4_4&#8243; _builder_version=&#8221;4.20.0&#8243; _module_preset=&#8221;default&#8221; global_colors_info=&#8221;{}&#8221;][et_pb_text _builder_version=&#8221;4.27.5&#8243; _module_preset=&#8221;561161e5-94a9-42ec-be61-a2e7af11e228&#8243; header_font=&#8221;Roboto Condensed|700|||||||&#8221; global_colors_info=&#8221;{}&#8221;]<\/p>\n<h1>O Meksyku Watanabe<\/h1>\n<p>[\/et_pb_text][et_pb_text _builder_version=&#8221;4.27.5&#8243; _module_preset=&#8221;fc40ddda-5c6b-48cd-9c0a-3184ca301b54&#8243; global_colors_info=&#8221;{}&#8221;]Established in 1970, Mexico Watanabe Company has grown into a prominent manufacturer dedicated to delivering robust and efficient machinery tailored for demanding applications in agriculture, construction, and forestry. From its inception, the firm has focused on innovation, drawing on decades of engineering expertise to develop equipment that addresses real-world challenges faced by professionals in these fields. The product lineup includes specialized mulchers and stone crushers designed for terrain clearing and soil preparation, alongside soil stabilizers that enhance ground stability for large-scale projects. Additionally, the company produces reliable rock rakes and rock pickers, which efficiently handle stone removal in rocky landscapes, rotavators for thorough soil tillage, potato furrowers that ensure precise row formation, and fertilizer spreaders capable of uniform nutrient distribution across multiple rows.<\/p>\n<p>Firma Mexico Watanabe specjalizuje si\u0119 r\u00f3wnie\u017c w maszynach do uprawy ziemniak\u00f3w, oferuj\u0105c kultywatory obrotowe z regulowanymi aplikatorami nawoz\u00f3w i fumigant\u00f3w, sadzarki do ziemniak\u00f3w gwarantuj\u0105ce r\u00f3wnomierne rozmieszczenie nasion, kopaczki do ziemniak\u00f3w wyposa\u017cone w r\u00f3\u017cne opcje roz\u0142adunku minimalizuj\u0105ce uszkodzenia upraw oraz zaawansowane kombajny do ziemniak\u00f3w przystosowane do zbioru w du\u017cych workach, usprawniaj\u0105ce proces zbior\u00f3w w zastosowaniach komercyjnych. Uzupe\u0142nieniem oferty s\u0105 narz\u0119dzia do kompostowania, takie jak niszczarki, kt\u00f3re utrzymuj\u0105 \u015bci\u00f3\u0142k\u0119 dla zwierz\u0105t gospodarskich przy minimalnym wysi\u0142ku. Maszyny te wyposa\u017cone s\u0105 w trwa\u0142e komponenty, takie jak ostrza o wysokiej wytrzyma\u0142o\u015bci i uk\u0142ady hydrauliczne, aby sprosta\u0107 intensywnej eksploatacji, a jednocze\u015bnie zoptymalizowa\u0107 kompatybilno\u015b\u0107 z ci\u0105gnikiem i pr\u0119dko\u015b\u0107 pracy.<\/p>\n<p>With a strong emphasis on quality and performance, Mexico Watanabe&#8217;s products are exported to a wide array of international markets, including the United States, Canada, Australia, Germany, France, Italy, Brazil, Argentina, India, China, and several countries across Africa. This global presence reflects the company&#8217;s commitment to supporting diverse agricultural practices and infrastructure developments worldwide. Clients are encouraged to consider customization services to adapt equipment to unique requirements, and we welcome inquiries for orders, ensuring prompt delivery and comprehensive technical assistance to maximize productivity.[\/et_pb_text][\/et_pb_column][\/et_pb_row][et_pb_row column_structure=&#8221;1_4,1_4,1_4,1_4&#8243; _builder_version=&#8221;4.20.0&#8243; _module_preset=&#8221;default&#8221; locked=&#8221;off&#8221; global_colors_info=&#8221;{}&#8221;][et_pb_column type=&#8221;1_4&#8243; _builder_version=&#8221;4.20.0&#8243; _module_preset=&#8221;default&#8221; global_colors_info=&#8221;{}&#8221;][et_pb_blurb image=&#8221;https:\/\/soilstabilisor.com\/wp-content\/uploads\/2026\/01\/city-icon-16-p-white.png&#8221; _builder_version=&#8221;4.20.0&#8243; _module_preset=&#8221;6fb4634c-9fb8-4d8d-8351-eabd57fb0f54&#8243; custom_margin=&#8221;||0px||false|false&#8221; locked=&#8221;off&#8221; global_colors_info=&#8221;{}&#8221;][\/et_pb_blurb][et_pb_number_counter title=&#8221;Staff&#8221; number=&#8221;300+&#8221; _builder_version=&#8221;4.27.5&#8243; _module_preset=&#8221;a407aef0-44ed-4cff-84c4-cb7690db1c9f&#8221; title_text_color=&#8221;gcid-1f9b0bb3-481a-49f1-9fe6-999fc3c3182b&#8221; number_text_color=&#8221;gcid-1f9b0bb3-481a-49f1-9fe6-999fc3c3182b&#8221; locked=&#8221;off&#8221; global_colors_info=&#8221;{%22gcid-1f9b0bb3-481a-49f1-9fe6-999fc3c3182b%22:%91%22title_text_color%22,%22number_text_color%22%93}&#8221;][\/et_pb_number_counter][\/et_pb_column][et_pb_column type=&#8221;1_4&#8243; _builder_version=&#8221;4.20.0&#8243; _module_preset=&#8221;default&#8221; global_colors_info=&#8221;{}&#8221;][et_pb_blurb image=&#8221;https:\/\/soilstabilisor.com\/wp-content\/uploads\/2026\/01\/city-icon-04-p-white.png&#8221; _builder_version=&#8221;4.20.0&#8243; _module_preset=&#8221;6fb4634c-9fb8-4d8d-8351-eabd57fb0f54&#8243; custom_margin=&#8221;||0px||false|false&#8221; locked=&#8221;off&#8221; global_colors_info=&#8221;{}&#8221;][\/et_pb_blurb][et_pb_number_counter title=&#8221;Land Area&#8221; number=&#8221;62000 m\u00b2&#8221; _builder_version=&#8221;4.27.5&#8243; _module_preset=&#8221;a407aef0-44ed-4cff-84c4-cb7690db1c9f&#8221; title_text_color=&#8221;gcid-1f9b0bb3-481a-49f1-9fe6-999fc3c3182b&#8221; number_text_color=&#8221;gcid-1f9b0bb3-481a-49f1-9fe6-999fc3c3182b&#8221; locked=&#8221;off&#8221; global_colors_info=&#8221;{%22gcid-1f9b0bb3-481a-49f1-9fe6-999fc3c3182b%22:%91%22title_text_color%22,%22number_text_color%22%93}&#8221;][\/et_pb_number_counter][\/et_pb_column][et_pb_column type=&#8221;1_4&#8243; _builder_version=&#8221;4.20.0&#8243; _module_preset=&#8221;default&#8221; global_colors_info=&#8221;{}&#8221;][et_pb_blurb image=&#8221;https:\/\/soilstabilisor.com\/wp-content\/uploads\/2026\/01\/city-icon-15-p-white.png&#8221; _builder_version=&#8221;4.20.0&#8243; _module_preset=&#8221;6fb4634c-9fb8-4d8d-8351-eabd57fb0f54&#8243; custom_margin=&#8221;||0px||false|false&#8221; locked=&#8221;off&#8221; global_colors_info=&#8221;{}&#8221;][\/et_pb_blurb][et_pb_number_counter title=&#8221;Year Founded&#8221; number=&#8221;1970&#8243; _builder_version=&#8221;4.27.5&#8243; _module_preset=&#8221;a407aef0-44ed-4cff-84c4-cb7690db1c9f&#8221; title_text_color=&#8221;gcid-1f9b0bb3-481a-49f1-9fe6-999fc3c3182b&#8221; number_text_color=&#8221;gcid-1f9b0bb3-481a-49f1-9fe6-999fc3c3182b&#8221; locked=&#8221;off&#8221; global_colors_info=&#8221;{%22gcid-1f9b0bb3-481a-49f1-9fe6-999fc3c3182b%22:%91%22title_text_color%22,%22number_text_color%22%93}&#8221;][\/et_pb_number_counter][\/et_pb_column][et_pb_column type=&#8221;1_4&#8243; _builder_version=&#8221;4.20.0&#8243; _module_preset=&#8221;default&#8221; global_colors_info=&#8221;{}&#8221;][et_pb_blurb image=&#8221;https:\/\/soilstabilisor.com\/wp-content\/uploads\/2026\/01\/city-icon-20-p-white.png&#8221; _builder_version=&#8221;4.20.0&#8243; _module_preset=&#8221;6fb4634c-9fb8-4d8d-8351-eabd57fb0f54&#8243; custom_margin=&#8221;||0px||false|false&#8221; locked=&#8221;off&#8221; global_colors_info=&#8221;{}&#8221;][\/et_pb_blurb][et_pb_number_counter title=&#8221;Exporting Countries&#8221; number=&#8221;56+&#8221; _builder_version=&#8221;4.27.5&#8243; _module_preset=&#8221;a407aef0-44ed-4cff-84c4-cb7690db1c9f&#8221; title_text_color=&#8221;gcid-1f9b0bb3-481a-49f1-9fe6-999fc3c3182b&#8221; number_text_color=&#8221;gcid-1f9b0bb3-481a-49f1-9fe6-999fc3c3182b&#8221; locked=&#8221;off&#8221; global_colors_info=&#8221;{%22gcid-1f9b0bb3-481a-49f1-9fe6-999fc3c3182b%22:%91%22title_text_color%22,%22number_text_color%22%93}&#8221;][\/et_pb_number_counter][\/et_pb_column][\/et_pb_row][et_pb_row _builder_version=&#8221;4.27.5&#8243; _module_preset=&#8221;default&#8221; global_colors_info=&#8221;{}&#8221;][et_pb_column type=&#8221;4_4&#8243; _builder_version=&#8221;4.27.5&#8243; _module_preset=&#8221;default&#8221; global_colors_info=&#8221;{}&#8221;][et_pb_video src=&#8221;https:\/\/soilstabilisor.com\/wp-content\/uploads\/2026\/01\/Watanabe-Video.mp4&#8243; _builder_version=&#8221;4.27.5&#8243; _module_preset=&#8221;default&#8221; global_colors_info=&#8221;{}&#8221;][\/et_pb_video][\/et_pb_column][\/et_pb_row][\/et_pb_section][et_pb_section fb_built=&#8221;1&#8243; admin_label=&#8221;Feature&#8221; _builder_version=&#8221;4.20.0&#8243; _module_preset=&#8221;default&#8221; custom_padding=&#8221;0px||0px||true|false&#8221; locked=&#8221;off&#8221; collapsed=&#8221;on&#8221; global_colors_info=&#8221;{}&#8221;][et_pb_row column_structure=&#8221;1_2,1_2&#8243; use_custom_gutter=&#8221;on&#8221; gutter_width=&#8221;1&#8243; make_equal=&#8221;on&#8221; _builder_version=&#8221;4.27.5&#8243; _module_preset=&#8221;default&#8221; width=&#8221;100%&#8221; max_width=&#8221;none&#8221; custom_padding=&#8221;0px||0px||true|false&#8221; global_colors_info=&#8221;{}&#8221;][et_pb_column type=&#8221;1_2&#8243; _builder_version=&#8221;4.27.5&#8243; _module_preset=&#8221;default&#8221; background_image=&#8221;https:\/\/soilstabilisor.com\/wp-content\/uploads\/2026\/01\/Rock-Rake-2.webp&#8221; custom_padding=&#8221;10vw|10vw|10vw|10vw|true|true&#8221; box_shadow_style=&#8221;preset4&#8243; box_shadow_horizontal=&#8221;0px&#8221; box_shadow_vertical=&#8221;0px&#8221; box_shadow_spread=&#8221;6vw&#8221; box_shadow_color=&#8221;#FFFFFF&#8221; box_shadow_position=&#8221;inner&#8221; global_colors_info=&#8221;{}&#8221;][\/et_pb_column][et_pb_column type=&#8221;1_2&#8243; _builder_version=&#8221;4.20.0&#8243; _module_preset=&#8221;default&#8221; background_color=&#8221;gcid-86da69f8-ce43-4c42-8395-4abd58818e72&#8243; custom_padding=&#8221;16vw|8vw|16vw|8vw|true|true&#8221; global_colors_info=&#8221;{%22gcid-86da69f8-ce43-4c42-8395-4abd58818e72%22:%91%22background_color%22%93}&#8221;][et_pb_text _builder_version=&#8221;4.27.5&#8243; _module_preset=&#8221;2cee9962-7447-4f1a-93db-99dd8980600f&#8221; custom_margin=&#8221;-110px||20px||false|false&#8221; global_colors_info=&#8221;{}&#8221;]<\/p>\n<h2>Us\u0142ugi dostosowane do indywidualnych potrzeb<\/h2>\n<p>[\/et_pb_text][et_pb_text _builder_version=&#8221;4.27.5&#8243; _module_preset=&#8221;fc40ddda-5c6b-48cd-9c0a-3184ca301b54&#8243; global_colors_info=&#8221;{}&#8221;]<\/p>\n<p>W Mexico Watanabe oferujemy specjalistyczne us\u0142ugi personalizacji, zaprojektowane z my\u015bl\u0105 o spe\u0142nieniu specyficznych wymaga\u0144 rolnictwa, budownictwa i le\u015bnictwa. Serdecznie zapraszamy klient\u00f3w do personalizacji i sk\u0142adania zam\u00f3wie\u0144 na nasz\u0105 szerok\u0105 ofert\u0119. Nasze kruszarki do kamienia to synonim niezawodno\u015bci, zaprojektowane z wykorzystaniem solidnych komponent\u00f3w, kt\u00f3re wytrzymuj\u0105 intensywne u\u017cytkowanie w trudnych warunkach, zapewniaj\u0105c sta\u0142\u0105 wydajno\u015b\u0107 i minimalny czas przestoju. Oferowane w konkurencyjnych cenach, maszyny te zapewniaj\u0105 wyj\u0105tkow\u0105 warto\u015b\u0107, umo\u017cliwiaj\u0105c ekonomiczne rozwi\u0105zania bez kompromis\u00f3w w zakresie jako\u015bci i trwa\u0142o\u015bci.<\/p>\n<p>To zaanga\u017cowanie obejmuje ca\u0142y nasz sprz\u0119t; na przyk\u0142ad, grabie do kamieni mo\u017cna modyfikowa\u0107 w celu zwi\u0119kszenia wytrzyma\u0142o\u015bci z\u0119b\u00f3w lub regulacji hydraulicznych, a kombajny do zbioru ziemniak\u00f3w mog\u0105 by\u0107 wyposa\u017cone w niestandardowe systemy roz\u0142adunku, aby zoptymalizowa\u0107 wydajno\u015b\u0107 w rolnictwie na du\u017c\u0105 skal\u0119. Nasz do\u015bwiadczony zesp\u00f3\u0142 \u015bci\u015ble wsp\u00f3\u0142pracuje z klientami w celu dopracowania specyfikacji, takich jak kompatybilno\u015b\u0107 z ci\u0105gnikami, pr\u0119dko\u015bci robocze czy pojemno\u015b\u0107 zasobnika, gwarantuj\u0105c dopasowane rezultaty, kt\u00f3re zwi\u0119kszaj\u0105 produktywno\u015b\u0107. Koncentruj\u0105c si\u0119 na precyzyjnej produkcji i rygorystycznych testach, Mexico Watanabe gwarantuje, \u017ce ka\u017cdy spersonalizowany produkt zapewnia d\u0142ugotrwa\u0142e rezultaty.\u00a0<\/p>\n<p>[\/et_pb_text][\/et_pb_column][\/et_pb_row][\/et_pb_section][et_pb_section fb_built=&#8221;1&#8243; admin_label=&#8221;Gallery&#8221; _builder_version=&#8221;4.20.0&#8243; _module_preset=&#8221;default&#8221; collapsed=&#8221;on&#8221; global_colors_info=&#8221;{}&#8221;][et_pb_row column_structure=&#8221;1_3,1_3,1_3&#8243; make_equal=&#8221;on&#8221; custom_padding_last_edited=&#8221;on|tablet&#8221; _builder_version=&#8221;4.27.5&#8243; _module_preset=&#8221;default&#8221; custom_padding_tablet=&#8221;||0px||false|false&#8221; custom_padding_phone=&#8221;||0px||false|false&#8221; global_colors_info=&#8221;{}&#8221;][et_pb_column type=&#8221;1_3&#8243; _builder_version=&#8221;4.27.5&#8243; _module_preset=&#8221;default&#8221; background_image=&#8221;https:\/\/soilstabilisor.com\/wp-content\/uploads\/2026\/01\/Rotavator-2.webp&#8221; border_radii=&#8221;on|5px|5px|5px|5px&#8221; global_colors_info=&#8221;{}&#8221;][et_pb_divider show_divider=&#8221;off&#8221; _builder_version=&#8221;4.20.0&#8243; _module_preset=&#8221;default&#8221; height_tablet=&#8221;40vw&#8221; height_phone=&#8221;40vw&#8221; height_last_edited=&#8221;on|phone&#8221; global_colors_info=&#8221;{}&#8221;][\/et_pb_divider][\/et_pb_column][et_pb_column type=&#8221;1_3&#8243; _builder_version=&#8221;4.20.0&#8243; _module_preset=&#8221;default&#8221; global_colors_info=&#8221;{}&#8221;][et_pb_image src=&#8221;https:\/\/soilstabilisor.com\/wp-content\/uploads\/2026\/01\/Rock-Rake-1.webp&#8221; alt=&#8221;Rock Rake&#8221; title_text=&#8221;Rock Rake-1&#8243; _builder_version=&#8221;4.27.5&#8243; _module_preset=&#8221;default&#8221; custom_margin=&#8221;||60px||false|false&#8221; custom_margin_tablet=&#8221;||30px||false|false&#8221; custom_margin_phone=&#8221;||30px||false|false&#8221; custom_margin_last_edited=&#8221;on|tablet&#8221; border_radii=&#8221;on|5px|5px|5px|5px&#8221; global_colors_info=&#8221;{}&#8221;][\/et_pb_image][et_pb_image src=&#8221;https:\/\/soilstabilisor.com\/wp-content\/uploads\/2026\/01\/Rotavator-1.webp&#8221; alt=&#8221;Rotavator&#8221; title_text=&#8221;Rotavator-1&#8243; _builder_version=&#8221;4.27.5&#8243; _module_preset=&#8221;default&#8221; border_radii=&#8221;on|5px|5px|5px|5px&#8221; global_colors_info=&#8221;{}&#8221;][\/et_pb_image][\/et_pb_column][et_pb_column type=&#8221;1_3&#8243; _builder_version=&#8221;4.20.0&#8243; _module_preset=&#8221;default&#8221; global_colors_info=&#8221;{}&#8221;][et_pb_image src=&#8221;https:\/\/soilstabilisor.com\/wp-content\/uploads\/2026\/01\/Rock-Pickers-1.webp&#8221; alt=&#8221;Rock Pickers&#8221; title_text=&#8221;Rock Pickers-1&#8243; _builder_version=&#8221;4.27.5&#8243; _module_preset=&#8221;default&#8221; custom_margin=&#8221;||60px||false|false&#8221; custom_margin_tablet=&#8221;||30px||false|false&#8221; custom_margin_phone=&#8221;||30px||false|false&#8221; custom_margin_last_edited=&#8221;on|tablet&#8221; border_radii=&#8221;on|5px|5px|5px|5px&#8221; locked=&#8221;off&#8221; global_colors_info=&#8221;{}&#8221;][\/et_pb_image][et_pb_image src=&#8221;https:\/\/soilstabilisor.com\/wp-content\/uploads\/2026\/01\/Potato-Planter-1.webp&#8221; alt=&#8221;Potato Planter&#8221; title_text=&#8221;Potato Planter-1&#8243; _builder_version=&#8221;4.27.5&#8243; _module_preset=&#8221;default&#8221; border_radii=&#8221;on|5px|5px|5px|5px&#8221; locked=&#8221;off&#8221; global_colors_info=&#8221;{}&#8221;][\/et_pb_image][\/et_pb_column][\/et_pb_row][et_pb_row column_structure=&#8221;1_3,2_3&#8243; make_equal=&#8221;on&#8221; _builder_version=&#8221;4.27.5&#8243; _module_preset=&#8221;default&#8221; global_colors_info=&#8221;{}&#8221;][et_pb_column type=&#8221;1_3&#8243; _builder_version=&#8221;4.27.5&#8243; _module_preset=&#8221;default&#8221; background_image=&#8221;https:\/\/soilstabilisor.com\/wp-content\/uploads\/2026\/01\/Potato-Diggers-1.webp&#8221; border_radii=&#8221;on|5px|5px|5px|5px&#8221; global_colors_info=&#8221;{}&#8221;][et_pb_divider show_divider=&#8221;off&#8221; _builder_version=&#8221;4.27.5&#8243; _module_preset=&#8221;default&#8221; height_tablet=&#8221;40vw&#8221; height_phone=&#8221;40vw&#8221; height_last_edited=&#8221;on|phone&#8221; locked=&#8221;off&#8221; global_colors_info=&#8221;{}&#8221;][\/et_pb_divider][\/et_pb_column][et_pb_column type=&#8221;2_3&#8243; _builder_version=&#8221;4.20.0&#8243; _module_preset=&#8221;default&#8221; global_colors_info=&#8221;{}&#8221;][et_pb_image src=&#8221;https:\/\/soilstabilisor.com\/wp-content\/uploads\/2026\/01\/Potato-Harvest-1.webp&#8221; alt=&#8221;Potato Harvest&#8221; title_text=&#8221;Potato Harvest-1&#8243; _builder_version=&#8221;4.27.5&#8243; _module_preset=&#8221;default&#8221; border_radii=&#8221;on|5px|5px|5px|5px&#8221; global_colors_info=&#8221;{}&#8221;][\/et_pb_image][\/et_pb_column][\/et_pb_row][\/et_pb_section]<\/p>","protected":false},"excerpt":{"rendered":"<p>About UsAs a leading manufacturer, supplier, and exporter of stone crushers and soil stabilizers, along with a wide range of mechanical products, we offer an extensive selection including mulchers and stone crushers, rock rakes, rock pickers, rotavators, potato furrowers, fertilizer spreaders, rotary cultivators, potato planters, potato diggers, potato harvesters designed for big-bag collection, compost barn [&hellip;]<\/p>","protected":false},"author":1,"featured_media":0,"parent":0,"menu_order":0,"comment_status":"closed","ping_status":"closed","template":"","meta":{"_et_pb_use_builder":"on","_et_pb_old_content":"","_et_gb_content_width":"","footnotes":""},"class_list":["post-80","page","type-page","status-publish","hentry"],"_links":{"self":[{"href":"https:\/\/soilstabilisor.com\/pl\/wp-json\/wp\/v2\/pages\/80","targetHints":{"allow":["GET"]}}],"collection":[{"href":"https:\/\/soilstabilisor.com\/pl\/wp-json\/wp\/v2\/pages"}],"about":[{"href":"https:\/\/soilstabilisor.com\/pl\/wp-json\/wp\/v2\/types\/page"}],"author":[{"embeddable":true,"href":"https:\/\/soilstabilisor.com\/pl\/wp-json\/wp\/v2\/users\/1"}],"replies":[{"embeddable":true,"href":"https:\/\/soilstabilisor.com\/pl\/wp-json\/wp\/v2\/comments?post=80"}],"version-history":[{"count":22,"href":"https:\/\/soilstabilisor.com\/pl\/wp-json\/wp\/v2\/pages\/80\/revisions"}],"predecessor-version":[{"id":272,"href":"https:\/\/soilstabilisor.com\/pl\/wp-json\/wp\/v2\/pages\/80\/revisions\/272"}],"wp:attachment":[{"href":"https:\/\/soilstabilisor.com\/pl\/wp-json\/wp\/v2\/media?parent=80"}],"curies":[{"name":"wp","href":"https:\/\/api.w.org\/{rel}","templated":true}]}}