{"id":8,"date":"2026-01-29T09:57:36","date_gmt":"2026-01-29T09:57:36","guid":{"rendered":"https:\/\/soilstabilisor.com\/cart\/"},"modified":"2026-01-30T03:08:53","modified_gmt":"2026-01-30T03:08:53","slug":"xe-day","status":"publish","type":"page","link":"https:\/\/soilstabilisor.com\/vi\/xe-day\/","title":{"rendered":"Xe \u0111\u1ea9y"},"content":{"rendered":"<div data-block-name=\"woocommerce\/cart\" class=\"wp-block-woocommerce-cart alignwide is-loading\">\n<div data-block-name=\"woocommerce\/filled-cart-block\" class=\"wp-block-woocommerce-filled-cart-block\">\n<div data-block-name=\"woocommerce\/cart-items-block\" class=\"wp-block-woocommerce-cart-items-block\">\n<div data-block-name=\"woocommerce\/cart-line-items-block\" class=\"wp-block-woocommerce-cart-line-items-block\"><\/div>\n\n\n<\/div>\n\n\n\n\n<div data-block-name=\"woocommerce\/cart-totals-block\" class=\"wp-block-woocommerce-cart-totals-block\">\n<div data-block-name=\"woocommerce\/cart-order-summary-block\" class=\"wp-block-woocommerce-cart-order-summary-block\">\n<div data-block-name=\"woocommerce\/cart-order-summary-heading-block\" class=\"wp-block-woocommerce-cart-order-summary-heading-block\"><\/div><div data-block-name=\"woocommerce\/cart-order-summary-coupon-form-block\" class=\"wp-block-woocommerce-cart-order-summary-coupon-form-block\"><\/div><div data-block-name=\"woocommerce\/cart-order-summary-totals-block\" class=\"wp-block-woocommerce-cart-order-summary-totals-block\">\n<div data-block-name=\"woocommerce\/cart-order-summary-subtotal-block\" class=\"wp-block-woocommerce-cart-order-summary-subtotal-block\"><\/div>\n<div data-block-name=\"woocommerce\/cart-order-summary-discount-block\" class=\"wp-block-woocommerce-cart-order-summary-discount-block\"><\/div>\n<div data-block-name=\"woocommerce\/cart-order-summary-fee-block\" class=\"wp-block-woocommerce-cart-order-summary-fee-block\"><\/div>\n<div data-block-name=\"woocommerce\/cart-order-summary-shipping-block\" class=\"wp-block-woocommerce-cart-order-summary-shipping-block\"><\/div>\n<div data-block-name=\"woocommerce\/cart-order-summary-taxes-block\" class=\"wp-block-woocommerce-cart-order-summary-taxes-block\"><\/div><\/div>\n<\/div>\n\n\n\n<div data-block-name=\"woocommerce\/cart-express-payment-block\" class=\"wp-block-woocommerce-cart-express-payment-block\"><\/div>\n\n\n\n<div data-block-name=\"woocommerce\/proceed-to-checkout-block\" class=\"wp-block-woocommerce-proceed-to-checkout-block\"><\/div>\n\n\n\n<div data-block-name=\"woocommerce\/cart-accepted-payment-methods-block\" class=\"wp-block-woocommerce-cart-accepted-payment-methods-block\"><\/div>\n<\/div>\n<\/div>\n\n\n\n<div data-block-name=\"woocommerce\/empty-cart-block\" class=\"wp-block-woocommerce-empty-cart-block\">\n<h2 class=\"wp-block-heading has-text-align-center with-empty-cart-icon wc-block-cart__empty-cart__title\">Gi\u1ecf h\u00e0ng c\u1ee7a b\u1ea1n hi\u1ec7n \u0111ang tr\u1ed1ng!<\/h2>\n\n\n\n<hr class=\"wp-block-separator has-alpha-channel-opacity is-style-dots\"\/>\n\n\n\n<h2 class=\"wp-block-heading has-text-align-center\">S\u1ea3n ph\u1ea9m m\u1edbi t\u1ea1i c\u1eeda h\u00e0ng<\/h2>\n\n\n<div data-block-name=\"woocommerce\/product-new\" data-columns=\"4\" data-rows=\"1\" class=\"wc-block-grid wp-block-product-new wp-block-woocommerce-product-new wc-block-product-new has-4-columns\"><ul class=\"wc-block-grid__products\"><li class=\"wc-block-grid__product\">\n\t\t\t\t<a href=\"https:\/\/soilstabilisor.com\/vi\/san-pham\/nha-kho-u-phan-destroyer-3-0-danh-cho-may-keo\/\" class=\"wc-block-grid__product-link\">\n\t\t\t\t\t\n\t\t\t\t\t<div class=\"wc-block-grid__product-image\"><img loading=\"lazy\" decoding=\"async\" width=\"300\" height=\"300\" src=\"https:\/\/soilstabilisor.com\/wp-content\/uploads\/2026\/03\/DESTROYER-3.0-Compost-Barn-300x300.webp\" class=\"attachment-woocommerce_thumbnail size-woocommerce_thumbnail\" alt=\"Nh\u00e0 kho \u1ee7 ph\u00e2n DESTROYER 3.0\" \/><\/div>\n\t\t\t\t\t<div class=\"wc-block-grid__product-title\">Nh\u00e0 kho \u1ee7 ph\u00e2n DESTROYER 3.0 d\u00e0nh cho m\u00e1y k\u00e9o<\/div>\n\t\t\t\t<\/a>\n\t\t\t\t<div class=\"wc-block-grid__product-price price\"><\/div>\n\t\t\t\t\n\t\t\t\t<div class=\"wp-block-button wc-block-grid__product-add-to-cart\"><a href=\"https:\/\/soilstabilisor.com\/vi\/san-pham\/nha-kho-u-phan-destroyer-3-0-danh-cho-may-keo\/\" aria-label=\"\u0110\u1ecdc th\u00eam v\u1ec1 \u201cDESTROYER 3.0 Compost Barn for Tractor\u201d\" data-quantity=\"1\" data-product_id=\"797\" data-product_sku=\"\" data-price=\"0\" rel=\"nofollow\" class=\"wp-block-button__link  add_to_cart_button\" data-no-translation=\"\" data-trp-gettext=\"\" data-no-translation-aria-label=\"\">\u0110\u1ecdc ti\u1ebfp<\/a><\/div>\n\t\t\t<\/li><li class=\"wc-block-grid__product\">\n\t\t\t\t<a href=\"https:\/\/soilstabilisor.com\/vi\/san-pham\/nha-kho-u-phan-destroyer-2-0-danh-cho-may-keo\/\" class=\"wc-block-grid__product-link\">\n\t\t\t\t\t\n\t\t\t\t\t<div class=\"wc-block-grid__product-image\"><img loading=\"lazy\" decoding=\"async\" width=\"300\" height=\"300\" src=\"https:\/\/soilstabilisor.com\/wp-content\/uploads\/2026\/03\/DESTROYER-2.0-Compost-Barn-300x300.webp\" class=\"attachment-woocommerce_thumbnail size-woocommerce_thumbnail\" alt=\"Nh\u00e0 kho \u1ee7 ph\u00e2n DESTROYER 2.0\" \/><\/div>\n\t\t\t\t\t<div class=\"wc-block-grid__product-title\">Nh\u00e0 kho \u1ee7 ph\u00e2n DESTROYER 2.0 d\u00e0nh cho m\u00e1y k\u00e9o<\/div>\n\t\t\t\t<\/a>\n\t\t\t\t<div class=\"wc-block-grid__product-price price\"><\/div>\n\t\t\t\t\n\t\t\t\t<div class=\"wp-block-button wc-block-grid__product-add-to-cart\"><a href=\"https:\/\/soilstabilisor.com\/vi\/san-pham\/nha-kho-u-phan-destroyer-2-0-danh-cho-may-keo\/\" aria-label=\"\u0110\u1ecdc th\u00eam v\u1ec1 \u201cDESTROYER 2.0 Compost Barn for Tractor\u201d\" data-quantity=\"1\" data-product_id=\"785\" data-product_sku=\"\" data-price=\"0\" rel=\"nofollow\" class=\"wp-block-button__link  add_to_cart_button\" data-no-translation=\"\" data-trp-gettext=\"\" data-no-translation-aria-label=\"\">\u0110\u1ecdc ti\u1ebfp<\/a><\/div>\n\t\t\t<\/li><li class=\"wc-block-grid__product\">\n\t\t\t\t<a href=\"https:\/\/soilstabilisor.com\/vi\/san-pham\/may-rai-chat-ket-dinh-dcw-2-2-dung-cho-voi-va-xi-mang-2\/\" class=\"wc-block-grid__product-link\">\n\t\t\t\t\t\n\t\t\t\t\t<div class=\"wc-block-grid__product-image\"><img loading=\"lazy\" decoding=\"async\" width=\"300\" height=\"300\" src=\"https:\/\/soilstabilisor.com\/wp-content\/uploads\/2026\/03\/DCW-2.2-Binder-Spreader-300x300.webp\" class=\"attachment-woocommerce_thumbnail size-woocommerce_thumbnail\" alt=\"M\u00e1y r\u1ea3i ch\u1ea5t k\u1ebft d\u00ednh DCW 2.2\" \/><\/div>\n\t\t\t\t\t<div class=\"wc-block-grid__product-title\">M\u00e1y r\u1ea3i ch\u1ea5t k\u1ebft d\u00ednh DCW 2.2 d\u00f9ng cho v\u00f4i v\u00e0 xi m\u0103ng<\/div>\n\t\t\t\t<\/a>\n\t\t\t\t<div class=\"wc-block-grid__product-price price\"><\/div>\n\t\t\t\t\n\t\t\t\t<div class=\"wp-block-button wc-block-grid__product-add-to-cart\"><a href=\"https:\/\/soilstabilisor.com\/vi\/san-pham\/may-rai-chat-ket-dinh-dcw-2-2-dung-cho-voi-va-xi-mang-2\/\" aria-label=\"\u0110\u1ecdc th\u00eam v\u1ec1 \u201cDCW 2.2 Binder Spreader for Lime and Cement\u201d\" data-quantity=\"1\" data-product_id=\"774\" data-product_sku=\"\" data-price=\"0\" rel=\"nofollow\" class=\"wp-block-button__link  add_to_cart_button\" data-no-translation=\"\" data-trp-gettext=\"\" data-no-translation-aria-label=\"\">\u0110\u1ecdc ti\u1ebfp<\/a><\/div>\n\t\t\t<\/li><li class=\"wc-block-grid__product\">\n\t\t\t\t<a href=\"https:\/\/soilstabilisor.com\/vi\/san-pham\/chat-on-dinh-dat-thor-st-danh-cho-may-keo\/\" class=\"wc-block-grid__product-link\">\n\t\t\t\t\t\n\t\t\t\t\t<div class=\"wc-block-grid__product-image\"><img loading=\"lazy\" decoding=\"async\" width=\"300\" height=\"300\" src=\"https:\/\/soilstabilisor.com\/wp-content\/uploads\/2026\/03\/THOR-ST-Soil-Stabilizer-2-300x300.webp\" class=\"attachment-woocommerce_thumbnail size-woocommerce_thumbnail\" alt=\"Ch\u1ea5t \u1ed5n \u0111\u1ecbnh \u0111\u1ea5t THOR ST\" \/><\/div>\n\t\t\t\t\t<div class=\"wc-block-grid__product-title\">THOR ST - Ch\u1ea5t \u1ed5n \u0111\u1ecbnh \u0111\u1ea5t d\u00e0nh cho m\u00e1y k\u00e9o<\/div>\n\t\t\t\t<\/a>\n\t\t\t\t<div class=\"wc-block-grid__product-price price\"><\/div>\n\t\t\t\t\n\t\t\t\t<div class=\"wp-block-button wc-block-grid__product-add-to-cart\"><a href=\"https:\/\/soilstabilisor.com\/vi\/san-pham\/chat-on-dinh-dat-thor-st-danh-cho-may-keo\/\" aria-label=\"\u0110\u1ecdc th\u00eam v\u1ec1 \u201cTHOR ST Soil Stabilizer for Tractors\u201d\" data-quantity=\"1\" data-product_id=\"761\" data-product_sku=\"\" data-price=\"0\" rel=\"nofollow\" class=\"wp-block-button__link  add_to_cart_button\" data-no-translation=\"\" data-trp-gettext=\"\" data-no-translation-aria-label=\"\">\u0110\u1ecdc ti\u1ebfp<\/a><\/div>\n\t\t\t<\/li><\/ul><\/div><\/div>\n<\/div>","protected":false},"excerpt":{"rendered":"","protected":false},"author":1,"featured_media":0,"parent":0,"menu_order":0,"comment_status":"closed","ping_status":"closed","template":"","meta":{"_et_pb_use_builder":"","_et_pb_old_content":"","_et_gb_content_width":"","footnotes":""},"class_list":["post-8","page","type-page","status-publish","hentry"],"_links":{"self":[{"href":"https:\/\/soilstabilisor.com\/vi\/wp-json\/wp\/v2\/pages\/8","targetHints":{"allow":["GET"]}}],"collection":[{"href":"https:\/\/soilstabilisor.com\/vi\/wp-json\/wp\/v2\/pages"}],"about":[{"href":"https:\/\/soilstabilisor.com\/vi\/wp-json\/wp\/v2\/types\/page"}],"author":[{"embeddable":true,"href":"https:\/\/soilstabilisor.com\/vi\/wp-json\/wp\/v2\/users\/1"}],"replies":[{"embeddable":true,"href":"https:\/\/soilstabilisor.com\/vi\/wp-json\/wp\/v2\/comments?post=8"}],"version-history":[{"count":1,"href":"https:\/\/soilstabilisor.com\/vi\/wp-json\/wp\/v2\/pages\/8\/revisions"}],"predecessor-version":[{"id":60,"href":"https:\/\/soilstabilisor.com\/vi\/wp-json\/wp\/v2\/pages\/8\/revisions\/60"}],"wp:attachment":[{"href":"https:\/\/soilstabilisor.com\/vi\/wp-json\/wp\/v2\/media?parent=8"}],"curies":[{"name":"wp","href":"https:\/\/api.w.org\/{rel}","templated":true}]}}